{"id":99,"date":"2021-04-16T00:33:41","date_gmt":"2021-04-15T22:33:41","guid":{"rendered":"http:\/\/localhost\/?page_id=99"},"modified":"2021-04-16T00:33:41","modified_gmt":"2021-04-15T22:33:41","slug":"notre-evolution","status":"publish","type":"page","link":"https:\/\/ohay.io\/index.php\/notre-evolution\/","title":{"rendered":"Notre \u00e9volution"},"content":{"rendered":"\n<h1 class=\"has-text-color\" style=\"color:#549cd6\"><\/h1>\n\n\n\n<hr class=\"wp-block-separator has-text-color has-background\" style=\"background-color:#fa6e06;color:#fa6e06\"\/>\n\n\n\n<div style=\"height:100px\" aria-hidden=\"true\" class=\"wp-block-spacer\"><\/div>\n\n\n\n<div class=\"wp-block-uagb-content-timeline uagb-timeline__outer-wrap uagb-block-6e6ac0bc-2e76-4b05-84da-f37190c6b8fb\"><div class=\"uagb-timeline__content-wrap uagb-timeline__center-block  uagb-timeline__arrow-center uagb-timeline__responsive-tablet uagb-timeline\"><div class=\"uagb-timeline-wrapper\"><div class=\"uagb-timeline__main\"><div class=\"uagb-timeline__days\">\n<article class=\"wp-block-uagb-content-timeline-child uagb-timeline__field uagb-timeline__field-wrap uagb-timeline-child-0d773d41-1b61-4ae2-900f-5ab37aa2a52e\"><div class=\"uagb-timeline__widget uagb-timeline__right\"><div class=\"uagb-timeline__marker out-view-uagb-timeline__icon\"><span class=\"uagb-timeline__icon-new out-view-uagb-timeline__icon \"><svg xmlns=\"http:\/\/www.w3.org\/2000\/svg\" viewbox=\"0 0 448 512\"><path d=\"M436 160H12c-6.627 0-12-5.373-12-12v-36c0-26.51 21.49-48 48-48h48V12c0-6.627 5.373-12 12-12h40c6.627 0 12 5.373 12 12v52h128V12c0-6.627 5.373-12 12-12h40c6.627 0 12 5.373 12 12v52h48c26.51 0 48 21.49 48 48v36c0 6.627-5.373 12-12 12zM12 192h424c6.627 0 12 5.373 12 12v260c0 26.51-21.49 48-48 48H48c-26.51 0-48-21.49-48-48V204c0-6.627 5.373-12 12-12zm333.296 95.947l-28.169-28.398c-4.667-4.705-12.265-4.736-16.97-.068L194.12 364.665l-45.98-46.352c-4.667-4.705-12.266-4.736-16.971-.068l-28.397 28.17c-4.705 4.667-4.736 12.265-.068 16.97l82.601 83.269c4.667 4.705 12.265 4.736 16.97.068l142.953-141.805c4.705-4.667 4.736-12.265.068-16.97z\"><\/path><\/svg><\/span><\/div><div class=\"uagb-timeline__day-new uagb-timeline__day-right\"><div class=\"uagb-events-new\"><div class=\"uagb-timeline__events-inner-new\"><div class=\"uagb-timeline__date-hide uagb-timeline__date-inner\"><div class=\"uagb-timeline__inner-date-new\">janvier 1, 2014<\/div><\/div><div class=\"uagb-timeline-content\"><div class=\"uagb-timeline__heading-text\"><h3 class=\"uagb-timeline__heading\">D\u00e9monstration et Validation <\/h3><\/div><p class=\"uagb-timeline-desc-content\">D\u00e9monstration et validation de l&rsquo;efficacit\u00e9 de notre technologie EdTech lors des sessions de formations IPv6 au sein de la communaut\u00e9 ASR de Renater et CNRS<\/p><div class=\"uagb-timeline__arrow\"><\/div><\/div><\/div><\/div><\/div><div class=\"uagb-timeline__date-new\"><div class=\"uagb-timeline__date-new\">janvier 1, 2014<\/div><\/div><\/div><\/article>\n\n\n\n<article class=\"wp-block-uagb-content-timeline-child uagb-timeline__field uagb-timeline__field-wrap uagb-timeline-child-7f36b8e7-87be-42e2-b0ad-c0541419839d\"><div class=\"uagb-timeline__widget uagb-timeline__left\"><div class=\"uagb-timeline__marker out-view-uagb-timeline__icon\"><span class=\"uagb-timeline__icon-new out-view-uagb-timeline__icon \"><svg xmlns=\"http:\/\/www.w3.org\/2000\/svg\" viewbox=\"0 0 448 512\"><path d=\"M436 160H12c-6.627 0-12-5.373-12-12v-36c0-26.51 21.49-48 48-48h48V12c0-6.627 5.373-12 12-12h40c6.627 0 12 5.373 12 12v52h128V12c0-6.627 5.373-12 12-12h40c6.627 0 12 5.373 12 12v52h48c26.51 0 48 21.49 48 48v36c0 6.627-5.373 12-12 12zM12 192h424c6.627 0 12 5.373 12 12v260c0 26.51-21.49 48-48 48H48c-26.51 0-48-21.49-48-48V204c0-6.627 5.373-12 12-12zm333.296 95.947l-28.169-28.398c-4.667-4.705-12.265-4.736-16.97-.068L194.12 364.665l-45.98-46.352c-4.667-4.705-12.266-4.736-16.971-.068l-28.397 28.17c-4.705 4.667-4.736 12.265-.068 16.97l82.601 83.269c4.667 4.705 12.265 4.736 16.97.068l142.953-141.805c4.705-4.667 4.736-12.265.068-16.97z\"><\/path><\/svg><\/span><\/div><div class=\"uagb-timeline__day-new uagb-timeline__day-left\"><div class=\"uagb-events-new\"><div class=\"uagb-timeline__events-inner-new\"><div class=\"uagb-timeline__date-hide uagb-timeline__date-inner\"><div class=\"uagb-timeline__inner-date-new\">janvier 1, 2015<\/div><\/div><div class=\"uagb-timeline-content\"><div class=\"uagb-timeline__heading-text\"><h3 class=\"uagb-timeline__heading\">Premi\u00e8re solution salle TP<\/h3><\/div><p class=\"uagb-timeline-desc-content\">Premi\u00e8re solution de salle de TP virtuelle soutenue par le Conseil D\u00e9partemental de Sein et Marne.<\/p><div class=\"uagb-timeline__arrow\"><\/div><\/div><\/div><\/div><\/div><div class=\"uagb-timeline__date-new\"><div class=\"uagb-timeline__date-new\">janvier 1, 2015<\/div><\/div><\/div><\/article>\n\n\n\n<article class=\"wp-block-uagb-content-timeline-child uagb-timeline__field uagb-timeline__field-wrap uagb-timeline-child-ed691cd6-723b-46a9-8386-4ff258a5b225\"><div class=\"uagb-timeline__widget uagb-timeline__right\"><div class=\"uagb-timeline__marker out-view-uagb-timeline__icon\"><span class=\"uagb-timeline__icon-new out-view-uagb-timeline__icon \"><svg xmlns=\"http:\/\/www.w3.org\/2000\/svg\" viewbox=\"0 0 448 512\"><path d=\"M436 160H12c-6.627 0-12-5.373-12-12v-36c0-26.51 21.49-48 48-48h48V12c0-6.627 5.373-12 12-12h40c6.627 0 12 5.373 12 12v52h128V12c0-6.627 5.373-12 12-12h40c6.627 0 12 5.373 12 12v52h48c26.51 0 48 21.49 48 48v36c0 6.627-5.373 12-12 12zM12 192h424c6.627 0 12 5.373 12 12v260c0 26.51-21.49 48-48 48H48c-26.51 0-48-21.49-48-48V204c0-6.627 5.373-12 12-12zm333.296 95.947l-28.169-28.398c-4.667-4.705-12.265-4.736-16.97-.068L194.12 364.665l-45.98-46.352c-4.667-4.705-12.266-4.736-16.971-.068l-28.397 28.17c-4.705 4.667-4.736 12.265-.068 16.97l82.601 83.269c4.667 4.705 12.265 4.736 16.97.068l142.953-141.805c4.705-4.667 4.736-12.265.068-16.97z\"><\/path><\/svg><\/span><\/div><div class=\"uagb-timeline__day-new uagb-timeline__day-right\"><div class=\"uagb-events-new\"><div class=\"uagb-timeline__events-inner-new\"><div class=\"uagb-timeline__date-hide uagb-timeline__date-inner\"><div class=\"uagb-timeline__inner-date-new\">janvier 1, 2016<\/div><\/div><div class=\"uagb-timeline-content\"><div class=\"uagb-timeline__heading-text\"><h3 class=\"uagb-timeline__heading\">Conception et Validation<\/h3><\/div><p class=\"uagb-timeline-desc-content\">Conception et validation op\u00e9rationnelle de la solution boitier autonome lors des sessions de formation dans les lieux s\u00e9curis\u00e9s (DSI S\u00e9nat) ou absence de connectivit\u00e9 (CNRS) <\/p><div class=\"uagb-timeline__arrow\"><\/div><\/div><\/div><\/div><\/div><div class=\"uagb-timeline__date-new\"><div class=\"uagb-timeline__date-new\">janvier 1, 2016<\/div><\/div><\/div><\/article>\n\n\n\n<article class=\"wp-block-uagb-content-timeline-child uagb-timeline__field uagb-timeline__field-wrap uagb-timeline-child-4e13dad6-b645-4a1f-b88b-4a29e68425aa\"><div class=\"uagb-timeline__widget uagb-timeline__left\"><div class=\"uagb-timeline__marker out-view-uagb-timeline__icon\"><span class=\"uagb-timeline__icon-new out-view-uagb-timeline__icon \"><svg xmlns=\"http:\/\/www.w3.org\/2000\/svg\" viewbox=\"0 0 448 512\"><path d=\"M436 160H12c-6.627 0-12-5.373-12-12v-36c0-26.51 21.49-48 48-48h48V12c0-6.627 5.373-12 12-12h40c6.627 0 12 5.373 12 12v52h128V12c0-6.627 5.373-12 12-12h40c6.627 0 12 5.373 12 12v52h48c26.51 0 48 21.49 48 48v36c0 6.627-5.373 12-12 12zM12 192h424c6.627 0 12 5.373 12 12v260c0 26.51-21.49 48-48 48H48c-26.51 0-48-21.49-48-48V204c0-6.627 5.373-12 12-12zm333.296 95.947l-28.169-28.398c-4.667-4.705-12.265-4.736-16.97-.068L194.12 364.665l-45.98-46.352c-4.667-4.705-12.266-4.736-16.971-.068l-28.397 28.17c-4.705 4.667-4.736 12.265-.068 16.97l82.601 83.269c4.667 4.705 12.265 4.736 16.97.068l142.953-141.805c4.705-4.667 4.736-12.265.068-16.97z\"><\/path><\/svg><\/span><\/div><div class=\"uagb-timeline__day-new uagb-timeline__day-left\"><div class=\"uagb-events-new\"><div class=\"uagb-timeline__events-inner-new\"><div class=\"uagb-timeline__date-hide uagb-timeline__date-inner\"><div class=\"uagb-timeline__inner-date-new\">janvier 1, 2018<\/div><\/div><div class=\"uagb-timeline-content\"><div class=\"uagb-timeline__heading-text\"><h3 class=\"uagb-timeline__heading\">Solution Reconnue<\/h3><\/div><p class=\"uagb-timeline-desc-content\">Notre innovation a \u00e9t\u00e9 reconnue et soutenue par BPI France dans le cadre du programme \u00ab\u00a0Innov&rsquo;Up\u00a0\u00bb (miniaturisation, souverainet\u00e9 num\u00e9rique)<\/p><div class=\"uagb-timeline__arrow\"><\/div><\/div><\/div><\/div><\/div><div class=\"uagb-timeline__date-new\"><div class=\"uagb-timeline__date-new\">janvier 1, 2018<\/div><\/div><\/div><\/article>\n\n\n\n<article class=\"wp-block-uagb-content-timeline-child uagb-timeline__field uagb-timeline__field-wrap uagb-timeline-child-6efaeb5b-4ad0-47d7-af61-9ccd79eb4755\"><div class=\"uagb-timeline__widget uagb-timeline__right\"><div class=\"uagb-timeline__marker out-view-uagb-timeline__icon\"><span class=\"uagb-timeline__icon-new out-view-uagb-timeline__icon \"><svg xmlns=\"http:\/\/www.w3.org\/2000\/svg\" viewbox=\"0 0 448 512\"><path d=\"M436 160H12c-6.627 0-12-5.373-12-12v-36c0-26.51 21.49-48 48-48h48V12c0-6.627 5.373-12 12-12h40c6.627 0 12 5.373 12 12v52h128V12c0-6.627 5.373-12 12-12h40c6.627 0 12 5.373 12 12v52h48c26.51 0 48 21.49 48 48v36c0 6.627-5.373 12-12 12zM12 192h424c6.627 0 12 5.373 12 12v260c0 26.51-21.49 48-48 48H48c-26.51 0-48-21.49-48-48V204c0-6.627 5.373-12 12-12zm333.296 95.947l-28.169-28.398c-4.667-4.705-12.265-4.736-16.97-.068L194.12 364.665l-45.98-46.352c-4.667-4.705-12.266-4.736-16.971-.068l-28.397 28.17c-4.705 4.667-4.736 12.265-.068 16.97l82.601 83.269c4.667 4.705 12.265 4.736 16.97.068l142.953-141.805c4.705-4.667 4.736-12.265.068-16.97z\"><\/path><\/svg><\/span><\/div><div class=\"uagb-timeline__day-new uagb-timeline__day-right\"><div class=\"uagb-events-new\"><div class=\"uagb-timeline__events-inner-new\"><div class=\"uagb-timeline__date-hide uagb-timeline__date-inner\"><div class=\"uagb-timeline__inner-date-new\">janvier 1, 2020<\/div><\/div><div class=\"uagb-timeline-content\"><div class=\"uagb-timeline__heading-text\"><h3 class=\"uagb-timeline__heading\">EdTech<\/h3><\/div><p class=\"uagb-timeline-desc-content\">Premi\u00e8re solution EdTech autonome \u00e0 circuit d\u00e9di\u00e9e \u00e0 l&rsquo;\u00e9laboration de salles de TP virtuelles dans le cadre d&rsquo;un projet de formation de r\u00e9insertion sociale dans le milieu carc\u00e9ral en absence de toute connectivit\u00e9 r\u00e9seau<\/p><div class=\"uagb-timeline__arrow\"><\/div><\/div><\/div><\/div><\/div><div class=\"uagb-timeline__date-new\"><div class=\"uagb-timeline__date-new\">janvier 1, 2020<\/div><\/div><\/div><\/article>\n<\/div><div class=\"uagb-timeline__line\"><div class=\"uagb-timeline__line__inner\"><\/div><\/div><\/div><\/div><\/div><\/div>\n\n\n\n<div style=\"height:50px\" aria-hidden=\"true\" class=\"wp-block-spacer\"><\/div>\n\n\n\n<div class=\"wp-block-buttons\"><\/div>\n\n\n\n<div style=\"height:100px\" aria-hidden=\"true\" class=\"wp-block-spacer\"><\/div>\n","protected":false},"excerpt":{"rendered":"","protected":false},"author":1,"featured_media":0,"parent":0,"menu_order":0,"comment_status":"closed","ping_status":"closed","template":"template-banner.php","meta":[],"_links":{"self":[{"href":"https:\/\/ohay.io\/index.php\/wp-json\/wp\/v2\/pages\/99"}],"collection":[{"href":"https:\/\/ohay.io\/index.php\/wp-json\/wp\/v2\/pages"}],"about":[{"href":"https:\/\/ohay.io\/index.php\/wp-json\/wp\/v2\/types\/page"}],"author":[{"embeddable":true,"href":"https:\/\/ohay.io\/index.php\/wp-json\/wp\/v2\/users\/1"}],"replies":[{"embeddable":true,"href":"https:\/\/ohay.io\/index.php\/wp-json\/wp\/v2\/comments?post=99"}],"version-history":[{"count":0,"href":"https:\/\/ohay.io\/index.php\/wp-json\/wp\/v2\/pages\/99\/revisions"}],"wp:attachment":[{"href":"https:\/\/ohay.io\/index.php\/wp-json\/wp\/v2\/media?parent=99"}],"curies":[{"name":"wp","href":"https:\/\/api.w.org\/{rel}","templated":true}]}}