{"id":620,"date":"2021-01-25T19:58:03","date_gmt":"2021-01-25T18:58:03","guid":{"rendered":"http:\/\/wp.ohay.io\/?page_id=620"},"modified":"2023-05-05T13:51:09","modified_gmt":"2023-05-05T11:51:09","slug":"co-working","status":"publish","type":"page","link":"https:\/\/ohay.io\/index.php\/co-working\/","title":{"rendered":"Co-Working"},"content":{"rendered":"\t\t<div data-elementor-type=\"wp-page\" data-elementor-id=\"620\" class=\"elementor elementor-620\" data-elementor-settings=\"[]\">\n\t\t\t\t\t\t\t<div class=\"elementor-section-wrap\">\n\t\t\t\t\t\t\t<section class=\"elementor-section elementor-top-section elementor-element elementor-element-1a8d0b6 elementor-section-boxed elementor-section-height-default elementor-section-height-default\" data-id=\"1a8d0b6\" data-element_type=\"section\" data-settings=\"{&quot;background_background&quot;:&quot;classic&quot;}\">\n\t\t\t\t\t\t<div class=\"elementor-container elementor-column-gap-default\">\n\t\t\t\t\t<div class=\"elementor-column elementor-col-100 elementor-top-column elementor-element elementor-element-530af3e\" data-id=\"530af3e\" data-element_type=\"column\">\n\t\t\t<div class=\"elementor-widget-wrap elementor-element-populated\">\n\t\t\t\t\t\t\t\t<div class=\"elementor-element elementor-element-9248fe7 elementor-widget elementor-widget-heading\" data-id=\"9248fe7\" data-element_type=\"widget\" data-widget_type=\"heading.default\">\n\t\t\t\t<div class=\"elementor-widget-container\">\n\t\t\t<h2 class=\"elementor-heading-title elementor-size-default\">Co-Working<\/h2>\t\t<\/div>\n\t\t\t\t<\/div>\n\t\t\t\t\t<\/div>\n\t\t<\/div>\n\t\t\t\t\t\t\t<\/div>\n\t\t<\/section>\n\t\t\t\t<section class=\"elementor-section elementor-top-section elementor-element elementor-element-e160ac1 elementor-section-boxed elementor-section-height-default elementor-section-height-default\" data-id=\"e160ac1\" data-element_type=\"section\" data-settings=\"{&quot;background_background&quot;:&quot;classic&quot;}\">\n\t\t\t\t\t\t<div class=\"elementor-container elementor-column-gap-default\">\n\t\t\t\t\t<div class=\"elementor-column elementor-col-100 elementor-top-column elementor-element elementor-element-4e91a90\" data-id=\"4e91a90\" data-element_type=\"column\">\n\t\t\t<div class=\"elementor-widget-wrap elementor-element-populated\">\n\t\t\t\t\t\t\t\t<div class=\"elementor-element elementor-element-56dfc69 elementor-widget elementor-widget-text-editor\" data-id=\"56dfc69\" data-element_type=\"widget\" data-widget_type=\"text-editor.default\">\n\t\t\t\t<div class=\"elementor-widget-container\">\n\t\t\t\t\t\t\t\t<p>Il s\u2019agit d\u2019une plateforme nomade et flexible adapt\u00e9e pour les espaces de partage et des activit\u00e9s collaboratives. Cela notamment en cas de n\u00e9cessit\u00e9 d\u2019organisation des espaces amovibles de d\u00e9veloppement pluridisciplinaires.<\/p>\t\t\t\t\t\t<\/div>\n\t\t\t\t<\/div>\n\t\t\t\t<div class=\"elementor-element elementor-element-5b84a52 elementor-widget elementor-widget-heading\" data-id=\"5b84a52\" data-element_type=\"widget\" data-widget_type=\"heading.default\">\n\t\t\t\t<div class=\"elementor-widget-container\">\n\t\t\t<h3 class=\"elementor-heading-title elementor-size-default\">Cible Fonctionnelle<\/h3>\t\t<\/div>\n\t\t\t\t<\/div>\n\t\t\t\t<div class=\"elementor-element elementor-element-8518004 elementor-widget elementor-widget-text-editor\" data-id=\"8518004\" data-element_type=\"widget\" data-widget_type=\"text-editor.default\">\n\t\t\t\t<div class=\"elementor-widget-container\">\n\t\t\t\t\t\t\t\t<p>Technologie regroupant et miniaturisant plusieurs \u00e9quipements et applications informatiques dans un seul boitier, elle permet aux entreprises fragilis\u00e9es et aux ind\u00e9pendants en difficult\u00e9 \u00e9conomique de dispose un environnement de production d\u00e9di\u00e9 \u00e0 faible co\u00fbt :<\/p><ul><li>Ordinateurs et \u00e9quipements de r\u00e9seaux.<\/li><li>Logiciels et outils m\u00e9tiers : sauvegardes, s\u00e9curit\u00e9, environnement collaboratif, etc.<\/li><li>Boitiers nomade et\/ou stationnaires formant un syst\u00e8me d\u2019information dynamique et flexible (architecture modulaire).<\/li><li>La possibilit\u00e9 d\u2019\u00e9laboration des espaces num\u00e9riques de partage s\u00e9curis\u00e9.<\/li><\/ul>\t\t\t\t\t\t<\/div>\n\t\t\t\t<\/div>\n\t\t\t\t<div class=\"elementor-element elementor-element-6b79e78 elementor-widget elementor-widget-heading\" data-id=\"6b79e78\" data-element_type=\"widget\" data-widget_type=\"heading.default\">\n\t\t\t\t<div class=\"elementor-widget-container\">\n\t\t\t<h5 class=\"elementor-heading-title elementor-size-default\">Utilisateurs Concern\u00e9s<\/h5>\t\t<\/div>\n\t\t\t\t<\/div>\n\t\t\t\t<div class=\"elementor-element elementor-element-b1bc679 elementor-widget elementor-widget-text-editor\" data-id=\"b1bc679\" data-element_type=\"widget\" data-widget_type=\"text-editor.default\">\n\t\t\t\t<div class=\"elementor-widget-container\">\n\t\t\t\t\t\t\t\t<ul><li>Espaces de Co-working de mod\u00e9lisation et de simulation.<\/li><li>Incubateurs, p\u00e9pini\u00e8res et instituts d\u2019innovation.<\/li><li>Gestion de crise et investigations en cas de cyberattaques massives (bac \u00e0 sable\u2026).<\/li><li>Investigateurs (s\u00e9curit\u00e9, d\u00e9tectives priv\u00e9s \u2026) et auditeurs et enqu\u00eateurs.<\/li><li>Activit\u00e9 \u00e9v\u00e9nementielle : hackathon, d\u00e9monstration, support technique.<\/li><li>Laboratoires de recherche pluridisciplinaires (R&amp;D et de preuve de concept).<\/li><li>Int\u00e9grateurs et mainteneurs des parcs informatiques.<\/li><li>Centre de d\u00e9veloppement et de partage de comp\u00e9tences (m\u00e9diatiques, biblioth\u00e8ques, \u2026).<\/li><\/ul>\t\t\t\t\t\t<\/div>\n\t\t\t\t<\/div>\n\t\t\t\t<div class=\"elementor-element elementor-element-abae151 elementor-widget elementor-widget-heading\" data-id=\"abae151\" data-element_type=\"widget\" data-widget_type=\"heading.default\">\n\t\t\t\t<div class=\"elementor-widget-container\">\n\t\t\t<h3 class=\"elementor-heading-title elementor-size-default\">Condition d'utilisation<\/h3>\t\t<\/div>\n\t\t\t\t<\/div>\n\t\t\t\t<div class=\"elementor-element elementor-element-7743d34 elementor-widget elementor-widget-text-editor\" data-id=\"7743d34\" data-element_type=\"widget\" data-widget_type=\"text-editor.default\">\n\t\t\t\t<div class=\"elementor-widget-container\">\n\t\t\t\t\t\t\t\t<p>En cas de crise (sanitaire, humanitaire, \u00e9conomique, \u2026), cette technologie peut contribuer au maintien de productivit\u00e9 cas de d\u00e9faillance ou l\u2019absence des infrastructures num\u00e9riques. Gr\u00e2ce \u00e0 sa modularit\u00e9 et richesse fonctionnelle, cette plateforme est incontournable pour l\u2019organisation improvis\u00e9e des espaces de travail collaboratifs :<\/p><ul><li>Salles d\u2019exploitation nomades.<\/li><li>Co-productions num\u00e9riques, etc.<\/li><li>Camps d\u2019intervention num\u00e9rique : gestion des logistiques humanitaire ou militaires.<\/li><\/ul><p>Nous pouvons \u00e9laborer pour vous une plateforme nomade et flexible adapt\u00e9e pour vos espaces de partage et vos activit\u00e9s collaboratives. Cela notamment en cas de n\u00e9cessit\u00e9 d\u2019organisation des espaces amovibles de d\u00e9veloppement pluridisciplinaires n\u00e9cessitant un degr\u00e9 de libert\u00e9 important.<\/p>\t\t\t\t\t\t<\/div>\n\t\t\t\t<\/div>\n\t\t\t\t<div class=\"elementor-element elementor-element-dd22246 elementor-widget elementor-widget-text-editor\" data-id=\"dd22246\" data-element_type=\"widget\" data-widget_type=\"text-editor.default\">\n\t\t\t\t<div class=\"elementor-widget-container\">\n\t\t\t\t\t\t\t\t<table width=\"100%\"><tbody><tr><td width=\"37%\"><p>Modalit\u00e9 d\u2019usage<\/p><\/td><td width=\"31%\"><p>Impl\u00e9mentation<\/p><\/td><td width=\"31%\"><p>Apports<\/p><\/td><\/tr><tr><td width=\"37%\"><p><em>Nomadisme<\/em><\/p><p><strong><em>Cloud<\/em><\/strong> <strong><em>Priv\u00e9,<\/em><\/strong> <strong><em>Syst\u00e8me <\/em><\/strong><strong><em>d\u2019Information<\/em><\/strong> <strong><em>portatif<\/em><\/strong> <strong><em>et<\/em><\/strong><strong><em> s\u00e9curis\u00e9<\/em><\/strong><\/p><p><strong>(Cloud priv\u00e9 portatif, s\u00e9curis\u00e9)<\/strong><\/p><\/td><td width=\"31%\"><p>Impl\u00e9mentation de notre technologie logicielle dans notre mat\u00e9riel, un bo\u00eetier nomade et l\u00e9ger (-2 kg) :<\/p><p>=&gt;\u00a0 SW OhayIO<\/p><p>=&gt;\u00a0 HW OhayIO<\/p><\/td><td width=\"31%\"><p>=&gt;\u00a0 Autonomie fonctionnelle<\/p><p>=&gt;\u00a0 Agilit\u00e9 et omnipr\u00e9sence<\/p><p>=&gt;\u00a0 Flexibilit\u00e9 d\u2019usage<\/p><p>=&gt;\u00a0 Souverainet\u00e9 num\u00e9rique<\/p><p>=&gt;\u00a0 Discr\u00e9tion<\/p><p>=&gt;\u00a0 Economique<\/p><\/td><\/tr><tr><td width=\"37%\"><p><em>Semi-nomade<\/em><\/p><p><strong><em>Cloud<\/em><\/strong> <strong><em>Priv\u00e9,<\/em><\/strong> <strong><em>Syst\u00e8me<\/em><\/strong> <strong><em>d\u2019Information<\/em><\/strong> <strong><em>m\u00e9tier,<\/em><\/strong> <strong><em>modulaire<\/em><\/strong> <strong><em>et<\/em><\/strong><strong><em> s\u00e9curis\u00e9<\/em><\/strong><\/p><p><strong>(Cloud priv\u00e9 scalable)<\/strong><\/p><\/td><td width=\"31%\"><p>Impl\u00e9mentation de notre technologie logicielle dans un mat\u00e9riel adapt\u00e9 :<\/p><p>=&gt;\u00a0 SW OhayIO<\/p><p>=&gt;\u00a0 HW selon besoin<\/p><\/td><td width=\"31%\"><p>=&gt;\u00a0 Modularit\u00e9<\/p><p>=&gt;\u00a0 Flexibilit\u00e9 d\u2019usage<\/p><p>=&gt;\u00a0 Souverainet\u00e9 num\u00e9rique<\/p><p>=&gt;\u00a0 R\u00e9silience (PCA, PRA)<\/p><p>=&gt;\u00a0 Performance<\/p><p>=&gt;\u00a0 Elasticit\u00e9<\/p><p>=&gt;\u00a0 Economique<\/p><\/td><\/tr><tr><td width=\"37%\"><p><em>H\u00e9berg\u00e9<\/em><\/p><p><strong><em>Cloud<\/em><\/strong> <strong><em>Priv\u00e9,<\/em><\/strong> <strong><em>Syst\u00e8me<\/em><\/strong> <strong><em>d\u2019Information<\/em><\/strong> <strong><em>m\u00e9tier,<\/em><\/strong> <strong><em>modulaire<\/em><\/strong> <strong><em>et<\/em><\/strong><strong><em> s\u00e9curis\u00e9<\/em><\/strong><\/p><p><strong>(Cloud priv\u00e9 scalable)<\/strong><\/p><\/td><td width=\"31%\"><p>Impl\u00e9mentation de notre technologie logicielle dans une infrastructure d\u2019h\u00e9bergement existante :<\/p><p>=&gt;\u00a0 SW OhayIO<\/p><p>=&gt;\u00a0 HW selon besoin<\/p><\/td><td width=\"31%\"><p>=&gt;\u00a0 Modularit\u00e9<\/p><p>=&gt;\u00a0 Flexibilit\u00e9 d\u2019usage<\/p><p>=&gt;\u00a0 Souverainet\u00e9 num\u00e9rique<\/p><p>=&gt;\u00a0 R\u00e9silience (PCA, PRA)<\/p><p>=&gt;\u00a0 Performance<\/p><p>=&gt;\u00a0 Elasticit\u00e9<\/p><p>=&gt;\u00a0 Incorporation<\/p><p>=&gt;\u00a0 Economique<\/p><\/td><\/tr><\/tbody><\/table>\t\t\t\t\t\t<\/div>\n\t\t\t\t<\/div>\n\t\t\t\t\t<\/div>\n\t\t<\/div>\n\t\t\t\t\t\t\t<\/div>\n\t\t<\/section>\n\t\t\t\t\t\t<\/div>\n\t\t\t\t\t<\/div>\n\t\t","protected":false},"excerpt":{"rendered":"<p>Co-Working Il s\u2019agit d\u2019une plateforme nomade et flexible adapt\u00e9e pour les espaces de partage et des activit\u00e9s collaboratives. Cela notamment en cas de n\u00e9cessit\u00e9 d\u2019organisation des espaces amovibles de d\u00e9veloppement pluridisciplinaires. Cible Fonctionnelle Technologie regroupant et miniaturisant plusieurs \u00e9quipements et applications informatiques dans un seul boitier, elle permet aux entreprises fragilis\u00e9es et aux ind\u00e9pendants en [&hellip;]<\/p>\n","protected":false},"author":1,"featured_media":0,"parent":0,"menu_order":0,"comment_status":"closed","ping_status":"closed","template":"template-banner.php","meta":[],"_links":{"self":[{"href":"https:\/\/ohay.io\/index.php\/wp-json\/wp\/v2\/pages\/620"}],"collection":[{"href":"https:\/\/ohay.io\/index.php\/wp-json\/wp\/v2\/pages"}],"about":[{"href":"https:\/\/ohay.io\/index.php\/wp-json\/wp\/v2\/types\/page"}],"author":[{"embeddable":true,"href":"https:\/\/ohay.io\/index.php\/wp-json\/wp\/v2\/users\/1"}],"replies":[{"embeddable":true,"href":"https:\/\/ohay.io\/index.php\/wp-json\/wp\/v2\/comments?post=620"}],"version-history":[{"count":1,"href":"https:\/\/ohay.io\/index.php\/wp-json\/wp\/v2\/pages\/620\/revisions"}],"predecessor-version":[{"id":1629,"href":"https:\/\/ohay.io\/index.php\/wp-json\/wp\/v2\/pages\/620\/revisions\/1629"}],"wp:attachment":[{"href":"https:\/\/ohay.io\/index.php\/wp-json\/wp\/v2\/media?parent=620"}],"curies":[{"name":"wp","href":"https:\/\/api.w.org\/{rel}","templated":true}]}}