{"id":615,"date":"2021-01-25T17:02:31","date_gmt":"2021-01-25T16:02:31","guid":{"rendered":"http:\/\/wp.ohay.io\/?page_id=615"},"modified":"2021-01-25T17:02:31","modified_gmt":"2021-01-25T16:02:31","slug":"preuve-de-concept","status":"publish","type":"page","link":"https:\/\/ohay.io\/index.php\/preuve-de-concept\/","title":{"rendered":"Preuve de concept"},"content":{"rendered":"\t\t<div data-elementor-type=\"wp-page\" data-elementor-id=\"615\" class=\"elementor elementor-615\" data-elementor-settings=\"[]\">\n\t\t\t\t\t\t\t<div class=\"elementor-section-wrap\">\n\t\t\t\t\t\t\t<section class=\"elementor-section elementor-top-section elementor-element elementor-element-a5c192b elementor-section-boxed elementor-section-height-default elementor-section-height-default\" data-id=\"a5c192b\" data-element_type=\"section\" data-settings=\"{&quot;background_background&quot;:&quot;classic&quot;}\">\n\t\t\t\t\t\t<div class=\"elementor-container elementor-column-gap-default\">\n\t\t\t\t\t<div class=\"elementor-column elementor-col-100 elementor-top-column elementor-element elementor-element-121e704\" data-id=\"121e704\" data-element_type=\"column\">\n\t\t\t<div class=\"elementor-widget-wrap elementor-element-populated\">\n\t\t\t\t\t\t\t\t<div class=\"elementor-element elementor-element-c84ef45 elementor-widget elementor-widget-heading\" data-id=\"c84ef45\" data-element_type=\"widget\" data-widget_type=\"heading.default\">\n\t\t\t\t<div class=\"elementor-widget-container\">\n\t\t\t<h2 class=\"elementor-heading-title elementor-size-default\">Preuve de Concept<\/h2>\t\t<\/div>\n\t\t\t\t<\/div>\n\t\t\t\t\t<\/div>\n\t\t<\/div>\n\t\t\t\t\t\t\t<\/div>\n\t\t<\/section>\n\t\t\t\t<section class=\"elementor-section elementor-top-section elementor-element elementor-element-6f842a5 elementor-section-boxed elementor-section-height-default elementor-section-height-default\" data-id=\"6f842a5\" data-element_type=\"section\" data-settings=\"{&quot;background_background&quot;:&quot;classic&quot;}\">\n\t\t\t\t\t\t<div class=\"elementor-container elementor-column-gap-default\">\n\t\t\t\t\t<div class=\"elementor-column elementor-col-100 elementor-top-column elementor-element elementor-element-88ba096\" data-id=\"88ba096\" data-element_type=\"column\">\n\t\t\t<div class=\"elementor-widget-wrap elementor-element-populated\">\n\t\t\t\t\t\t\t\t<div class=\"elementor-element elementor-element-f41cc56 elementor-widget elementor-widget-text-editor\" data-id=\"f41cc56\" data-element_type=\"widget\" data-widget_type=\"text-editor.default\">\n\t\t\t\t<div class=\"elementor-widget-container\">\n\t\t\t\t\t\t\t\t<p>La technologie OhayIO\u2122 a \u00e9t\u00e9 \u00e9labor\u00e9e \u00e0 l\u2019origine afin de dispenser des travaux pratiques n\u00e9cessitant des infrastructures riches et complexes\u00a0:<\/p><ul><li>Des environnements de programmations, des \u00e9quipements informatiques et r\u00e9seaux, des bases de donn\u00e9es, des serveurs et des logiciels et applications m\u00e9tiers<\/li><li>La disponibilit\u00e9 24\/24 des infrastructures d\u00e9di\u00e9es pour \u00e9laborer des parcours d\u2019apprentissages adapt\u00e9s et des sc\u00e9narii d\u2019entrainements divers et vari\u00e9s<\/li><\/ul><p>Par cons\u00e9quent, la modularit\u00e9 conceptuelle, la flexibilit\u00e9 fonctionnelle et l\u2019autonomie op\u00e9rationnelle constituent le c\u0153ur m\u00eame de notre technologie. Il s\u2019agit des caract\u00e9ristiques essentielles pour disposer d\u2019un environnement op\u00e9rationnel pour r\u00e9aliser des preuves de concepts, des mod\u00e9lisations et simulations num\u00e9riques.<\/p><p>\u00a0<\/p><p>Dans cette perspective, la technologie d\u2019OhayIO\u2122 peut \u00eatre impl\u00e9ment\u00e9e et utilis\u00e9es de 2 mani\u00e8res compl\u00e9mentaires\u00a0:<\/p><ul><li>Sous forme d\u2019une plateforme ou d\u2019un cloud priv\u00e9 nomade et sp\u00e9cialis\u00e9\u00a0: l\u2019int\u00e9gration sur-mesure des contenus d\u00e9di\u00e9s en fonction de votre cahier des charges<\/li><li>Ou bien sous forme d\u2019un espace d\u2019h\u00e9bergement (cloud) flexible et scalable en fonction de votre cahier des changes et sp\u00e9cifications fonctionnelles.<\/li><\/ul><p>\u00a0<\/p><p>Dans ce contexte, l\u2019un des atouts essentiels de notre technologie concerne la s\u00e9curit\u00e9 et la protection de vos informations et donn\u00e9es sensibles et par cons\u00e9quent votre propri\u00e9t\u00e9 intellectuelle. Cela dans mesure o\u00f9 vous pouvez cr\u00e9er gr\u00e2ce \u00e0 OhayIO\u2122 des zones de d\u00e9veloppements et de productions isol\u00e9es et amovibles.<\/p>\t\t\t\t\t\t<\/div>\n\t\t\t\t<\/div>\n\t\t\t\t<div class=\"elementor-element elementor-element-0832e31 elementor-widget elementor-widget-heading\" data-id=\"0832e31\" data-element_type=\"widget\" data-widget_type=\"heading.default\">\n\t\t\t\t<div class=\"elementor-widget-container\">\n\t\t\t<h3 class=\"elementor-heading-title elementor-size-default\">Cible Fonctionnelle<\/h3>\t\t<\/div>\n\t\t\t\t<\/div>\n\t\t\t\t<div class=\"elementor-element elementor-element-0eaf4b0 elementor-widget elementor-widget-heading\" data-id=\"0eaf4b0\" data-element_type=\"widget\" data-widget_type=\"heading.default\">\n\t\t\t\t<div class=\"elementor-widget-container\">\n\t\t\t<h4 class=\"elementor-heading-title elementor-size-default\">Descriptif Fonctionnel<\/h4>\t\t<\/div>\n\t\t\t\t<\/div>\n\t\t\t\t\t<\/div>\n\t\t<\/div>\n\t\t\t\t\t\t\t<\/div>\n\t\t<\/section>\n\t\t\t\t<section class=\"elementor-section elementor-top-section elementor-element elementor-element-830338a elementor-section-boxed elementor-section-height-default elementor-section-height-default\" data-id=\"830338a\" data-element_type=\"section\" data-settings=\"{&quot;background_background&quot;:&quot;classic&quot;}\">\n\t\t\t\t\t\t<div class=\"elementor-container elementor-column-gap-default\">\n\t\t\t\t\t<div class=\"elementor-column elementor-col-100 elementor-top-column elementor-element elementor-element-713dac3\" data-id=\"713dac3\" data-element_type=\"column\">\n\t\t\t<div class=\"elementor-widget-wrap elementor-element-populated\">\n\t\t\t\t\t\t\t\t<div class=\"elementor-element elementor-element-fdc5c01 elementor-widget elementor-widget-text-editor\" data-id=\"fdc5c01\" data-element_type=\"widget\" data-widget_type=\"text-editor.default\">\n\t\t\t\t<div class=\"elementor-widget-container\">\n\t\t\t\t\t\t\t\t<table><tbody><tr><td width=\"226\"><p>Technologie Nomade<\/p><p>(Cloud priv\u00e9 portatif, s\u00e9curis\u00e9)<\/p><p>&#8211;\u00a0\u00a0 Autonomie fonctionnelle<\/p><p>&#8211;\u00a0\u00a0 Discr\u00e9tion (communication \u00e0 la demande ON\/OFF)<\/p><p>&#8211;\u00a0\u00a0 Agilit\u00e9<\/p><p>&#8211;\u00a0\u00a0 Flexibilit\u00e9<\/p><p>&#8211;\u00a0\u00a0 Fiabilit\u00e9<\/p><p>&#8211;\u00a0\u00a0 S\u00e9curit\u00e9 DICTP<\/p><p>&#8211;\u00a0\u00a0 Economique<\/p><p>\u00a0<\/p><\/td><td width=\"471\"><p>\u2022\u00a0\u00a0\u00a0\u00a0\u00a0\u00a0 Un boitier autonome pouvant h\u00e9berger les \u00e9quipements informatiques d\u00e9di\u00e9s \u00e0 un usage grand public \u00e9quivalent \u00e0 la fois une offre DasS (Desktop as a Service) et SaaS (Storage as a Service)<\/p><p>\u00a0<\/p><p><strong>\u00a0<\/strong><\/p><p>\u2022\u00a0\u00a0\u00a0\u00a0\u00a0\u00a0 Possibilit\u00e9 de connecter \u00e0 un \u00e9quipement de communication (comme la box fibre\/ADSL, la cl\u00e9 Mobile 4G, \u2026) pour des \u00e9changes de donn\u00e9es maitris\u00e9es et s\u00e9curis\u00e9es<\/p><p>\u2022\u00a0\u00a0\u00a0\u00a0\u00a0\u00a0 Capacit\u00e9 d\u2019accueil de plusieurs ordinateurs (+ 10 linux, 8 Windows\u2026) \u00e0 l\u2019int\u00e9rieur d\u2019un m\u00eame boitier (- 2 KG)<\/p><p>\u2022\u00a0\u00a0\u00a0\u00a0\u00a0\u00a0 Acc\u00e9der \u00e0 distance \u00e0 son propre cloud priv\u00e9 en toute s\u00e9curit\u00e9<\/p><p>\u2022\u00a0\u00a0\u00a0\u00a0\u00a0\u00a0 Technologie embarqu\u00e9e contribuant \u00e0 la r\u00e9duction de l\u2019empreinte carbone<\/p><p><strong>\u00a0<\/strong><\/p><\/td><\/tr><tr><td width=\"226\"><p>Impl\u00e9mentation stationnaire<\/p><p>(Cloud priv\u00e9 scalable)<\/p><p>&#8211;\u00a0\u00a0 Modularit\u00e9 fonctionnelle<\/p><p>&#8211;\u00a0\u00a0 Flexibilit\u00e9 topologique<\/p><p>&#8211;\u00a0\u00a0 Scalabilit\u00e9 en fonction en fonction du niveau de performances attendues<\/p><p>&#8211;\u00a0\u00a0 S\u00e9curit\u00e9 DICTP<\/p><p>&#8211;\u00a0\u00a0 Economique<\/p><p><strong>\u00a0<\/strong><\/p><\/td><td width=\"471\"><p>\u2022\u00a0\u00a0\u00a0\u00a0\u00a0\u00a0 Impl\u00e9mentation de notre technologie logicielle dans un mat\u00e9riel adapt\u00e9 : SW OhayIO, HW selon besoin<\/p><p>\u00a0<\/p><p>\u00a0<\/p><p>\u00a0<\/p><\/td><\/tr><\/tbody><\/table>\t\t\t\t\t\t<\/div>\n\t\t\t\t<\/div>\n\t\t\t\t<div class=\"elementor-element elementor-element-26c7fd5 elementor-widget elementor-widget-heading\" data-id=\"26c7fd5\" data-element_type=\"widget\" data-widget_type=\"heading.default\">\n\t\t\t\t<div class=\"elementor-widget-container\">\n\t\t\t<h4 class=\"elementor-heading-title elementor-size-default\">Utilisateurs Concern\u00e9s<\/h4>\t\t<\/div>\n\t\t\t\t<\/div>\n\t\t\t\t\t<\/div>\n\t\t<\/div>\n\t\t\t\t\t\t\t<\/div>\n\t\t<\/section>\n\t\t\t\t<section class=\"elementor-section elementor-top-section elementor-element elementor-element-3919269 elementor-section-boxed elementor-section-height-default elementor-section-height-default\" data-id=\"3919269\" data-element_type=\"section\" data-settings=\"{&quot;background_background&quot;:&quot;classic&quot;}\">\n\t\t\t\t\t\t<div class=\"elementor-container elementor-column-gap-default\">\n\t\t\t\t\t<div class=\"elementor-column elementor-col-100 elementor-top-column elementor-element elementor-element-ba79d7a\" data-id=\"ba79d7a\" data-element_type=\"column\">\n\t\t\t<div class=\"elementor-widget-wrap elementor-element-populated\">\n\t\t\t\t\t\t\t\t<div class=\"elementor-element elementor-element-dbe3c6b elementor-widget elementor-widget-text-editor\" data-id=\"dbe3c6b\" data-element_type=\"widget\" data-widget_type=\"text-editor.default\">\n\t\t\t\t<div class=\"elementor-widget-container\">\n\t\t\t\t\t\t\t\t<ul><li>Les laboratoires et instituts de recherches priv\u00e9s et publiques<\/li><li>Les universitaires et notamment les th\u00e9sards et chercheurs ind\u00e9pendants<\/li><li>Les organismes de certifications et de standardisation<\/li><li>Les constructeurs et les manufactures de toute discipline r\u00e9alisant des preuves de concepts<\/li><li>Les ateliers de mod\u00e9lisations et de simulations<\/li><li>Les cabinets d\u2019architecture et d\u2019urbanisme<\/li><li>Les d\u00e9veloppeurs et int\u00e9grateurs des technologies de l\u2019information et de communication<\/li><li>\u2026etc.<\/li><\/ul>\t\t\t\t\t\t<\/div>\n\t\t\t\t<\/div>\n\t\t\t\t<div class=\"elementor-element elementor-element-24f4f48 elementor-widget elementor-widget-heading\" data-id=\"24f4f48\" data-element_type=\"widget\" data-widget_type=\"heading.default\">\n\t\t\t\t<div class=\"elementor-widget-container\">\n\t\t\t<h3 class=\"elementor-heading-title elementor-size-default\">Conditions d'utilisation<\/h3>\t\t<\/div>\n\t\t\t\t<\/div>\n\t\t\t\t\t<\/div>\n\t\t<\/div>\n\t\t\t\t\t\t\t<\/div>\n\t\t<\/section>\n\t\t\t\t<section class=\"elementor-section elementor-top-section elementor-element elementor-element-e94e1a6 elementor-section-boxed elementor-section-height-default elementor-section-height-default\" data-id=\"e94e1a6\" data-element_type=\"section\" data-settings=\"{&quot;background_background&quot;:&quot;classic&quot;}\">\n\t\t\t\t\t\t<div class=\"elementor-container elementor-column-gap-default\">\n\t\t\t\t\t<div class=\"elementor-column elementor-col-100 elementor-top-column elementor-element elementor-element-b8536f5\" data-id=\"b8536f5\" data-element_type=\"column\">\n\t\t\t<div class=\"elementor-widget-wrap elementor-element-populated\">\n\t\t\t\t\t\t\t\t<div class=\"elementor-element elementor-element-d01e2b0 elementor-widget elementor-widget-text-editor\" data-id=\"d01e2b0\" data-element_type=\"widget\" data-widget_type=\"text-editor.default\">\n\t\t\t\t<div class=\"elementor-widget-container\">\n\t\t\t\t\t\t\t\t<p>Disposer de plusieurs \u00e9quipements informatique (PC, serveurs \u2026) \u00e0 tout moment via un simple terminal l\u00e9ger (clavier, \u00e9cran)<\/p><p>\u00a0<\/p><p>La technologie OhayIO\u2122 constitut une solution efficace pour la r\u00e9alisation des preuves de concept n\u00e9cessitant un environnement num\u00e9rique d\u00e9di\u00e9\u00a0:<\/p><ul><li>Des enclaves ou des zones d\u00e9militaris\u00e9es (DMZ) sp\u00e9cialis\u00e9es, modulaires et s\u00e9curis\u00e9es<\/li><li>Des \u00e9quipements, des applications et des logiciels d\u00e9di\u00e9s<\/li><li>La composition flexible des configurations et des chaines de traitements<\/li><li>La protection p\u00e9rim\u00e9trique et le cloisonnement op\u00e9rationnel des zones d\u2019activit\u00e9s et des sc\u00e9narii d\u2019usage<\/li><li>Des unit\u00e9s nomades et autonomes\u00a0: laboratoire portatif de POC op\u00e9rationnel partout et \u00e0 tout moment\u2026<\/li><li>Des technopoles dynamique, compos\u00e9s des unit\u00e9s nomades et stationnaires\u00a0: fluidit\u00e9 et optimisation des interactions entre les unit\u00e9s de recherches centralis\u00e9es et des unit\u00e9s d\u2019investigations terrain<\/li><li>Maitriser la s\u00e9curit\u00e9, la confidentialit\u00e9 et dispersion des activit\u00e9s d\u2019importance vitale dans des zones \u00e0 haut risques (comp\u00e9titivit\u00e9, propri\u00e9t\u00e9 intellectuelle \u2026)<\/li><\/ul><p>Nous pouvons \u00e9laborer des configurations adapt\u00e9es pour favoriser d\u00e9veloppement de l\u2019\u00e9conomie locale\u00a0:<\/p><ul><li>Professionnels ind\u00e9pendants n\u00e9cessitant une richesse fonctionnelle accessible (24H\/24, 7J\/7): inventeurs, experts et chercheurs ind\u00e9pendants, consultants, formateurs \u2026<\/li><li>R\u00e9gions et d\u00e9partements souhaitant acc\u00e9l\u00e9rer le d\u00e9veloppement num\u00e9rique de leurs territoires\u00a0:<ul><li>Optimiser les investissements financiers des unit\u00e9s de production lors de lancement ou la cr\u00e9ation d\u2019un nouveau produit en facilitant le travail collaboratif sans aucune contrainte temporelle et spatiale<\/li><\/ul><\/li><li>Tout m\u00e9tier n\u00e9cessitant une tr\u00e8s grande flexibilit\u00e9 et mobilit\u00e9 d\u2019usage en toute situation :<ul><li>Artisanat, TPE, PME, PMI n\u00e9cessitant des infrastructures d\u00e9di\u00e9es, flexibles, scalables, s\u00e9curis\u00e9es, \u00e9cologique et surtout \u00e9conomiques<\/li><\/ul><\/li><\/ul><p><strong>\u00a0<\/strong><\/p><p><strong>Notre mod\u00e8le \u00e9conomique \u00e9tant bas\u00e9 sur les abonnements mensuels, cela permet un investissement progressif et en fonction des r\u00e9sultats \u00e9conomiques probants.<\/strong><\/p>\t\t\t\t\t\t<\/div>\n\t\t\t\t<\/div>\n\t\t\t\t\t<\/div>\n\t\t<\/div>\n\t\t\t\t\t\t\t<\/div>\n\t\t<\/section>\n\t\t\t\t\t\t<\/div>\n\t\t\t\t\t<\/div>\n\t\t","protected":false},"excerpt":{"rendered":"<p>Preuve de Concept La technologie OhayIO\u2122 a \u00e9t\u00e9 \u00e9labor\u00e9e \u00e0 l\u2019origine afin de dispenser des travaux pratiques n\u00e9cessitant des infrastructures riches et complexes\u00a0: Des environnements de programmations, des \u00e9quipements informatiques et r\u00e9seaux, des bases de donn\u00e9es, des serveurs et des logiciels et applications m\u00e9tiers La disponibilit\u00e9 24\/24 des infrastructures d\u00e9di\u00e9es pour \u00e9laborer des parcours d\u2019apprentissages [&hellip;]<\/p>\n","protected":false},"author":1,"featured_media":0,"parent":0,"menu_order":0,"comment_status":"closed","ping_status":"closed","template":"","meta":[],"_links":{"self":[{"href":"https:\/\/ohay.io\/index.php\/wp-json\/wp\/v2\/pages\/615"}],"collection":[{"href":"https:\/\/ohay.io\/index.php\/wp-json\/wp\/v2\/pages"}],"about":[{"href":"https:\/\/ohay.io\/index.php\/wp-json\/wp\/v2\/types\/page"}],"author":[{"embeddable":true,"href":"https:\/\/ohay.io\/index.php\/wp-json\/wp\/v2\/users\/1"}],"replies":[{"embeddable":true,"href":"https:\/\/ohay.io\/index.php\/wp-json\/wp\/v2\/comments?post=615"}],"version-history":[{"count":0,"href":"https:\/\/ohay.io\/index.php\/wp-json\/wp\/v2\/pages\/615\/revisions"}],"wp:attachment":[{"href":"https:\/\/ohay.io\/index.php\/wp-json\/wp\/v2\/media?parent=615"}],"curies":[{"name":"wp","href":"https:\/\/api.w.org\/{rel}","templated":true}]}}