{"id":417,"date":"2021-01-11T16:48:06","date_gmt":"2021-01-11T15:48:06","guid":{"rendered":"http:\/\/wp.ohay.io\/?page_id=417"},"modified":"2021-01-11T16:48:06","modified_gmt":"2021-01-11T15:48:06","slug":"plateforme-autonome-dexposition","status":"publish","type":"page","link":"https:\/\/ohay.io\/index.php\/plateforme-autonome-dexposition\/","title":{"rendered":"Plateforme autonome d&rsquo;exposition"},"content":{"rendered":"\t\t<div data-elementor-type=\"wp-page\" data-elementor-id=\"417\" class=\"elementor elementor-417\" data-elementor-settings=\"[]\">\n\t\t\t\t\t\t\t<div class=\"elementor-section-wrap\">\n\t\t\t\t\t\t\t<section class=\"elementor-section elementor-top-section elementor-element elementor-element-ea43ac1 elementor-section-boxed elementor-section-height-default elementor-section-height-default\" data-id=\"ea43ac1\" data-element_type=\"section\" data-settings=\"{&quot;background_background&quot;:&quot;classic&quot;}\">\n\t\t\t\t\t\t<div class=\"elementor-container elementor-column-gap-default\">\n\t\t\t\t\t<div class=\"elementor-column elementor-col-100 elementor-top-column elementor-element elementor-element-7f04ee0\" data-id=\"7f04ee0\" data-element_type=\"column\">\n\t\t\t<div class=\"elementor-widget-wrap elementor-element-populated\">\n\t\t\t\t\t\t\t\t<div class=\"elementor-element elementor-element-6d3685f elementor-widget elementor-widget-heading\" data-id=\"6d3685f\" data-element_type=\"widget\" data-widget_type=\"heading.default\">\n\t\t\t\t<div class=\"elementor-widget-container\">\n\t\t\t<h2 class=\"elementor-heading-title elementor-size-default\">Plateforme autonome d'exposition<\/h2>\t\t<\/div>\n\t\t\t\t<\/div>\n\t\t\t\t\t<\/div>\n\t\t<\/div>\n\t\t\t\t\t\t\t<\/div>\n\t\t<\/section>\n\t\t\t\t<section class=\"elementor-section elementor-top-section elementor-element elementor-element-bb26a92 elementor-section-boxed elementor-section-height-default elementor-section-height-default\" data-id=\"bb26a92\" data-element_type=\"section\" data-settings=\"{&quot;background_background&quot;:&quot;classic&quot;}\">\n\t\t\t\t\t\t<div class=\"elementor-container elementor-column-gap-default\">\n\t\t\t\t\t<div class=\"elementor-column elementor-col-100 elementor-top-column elementor-element elementor-element-cfaed5a\" data-id=\"cfaed5a\" data-element_type=\"column\">\n\t\t\t<div class=\"elementor-widget-wrap elementor-element-populated\">\n\t\t\t\t\t\t\t\t<div class=\"elementor-element elementor-element-a08d565 elementor-widget elementor-widget-text-editor\" data-id=\"a08d565\" data-element_type=\"widget\" data-widget_type=\"text-editor.default\">\n\t\t\t\t<div class=\"elementor-widget-container\">\n\t\t\t\t\t\t\t\t<p>L\u2019agilit\u00e9 op\u00e9rationnelle et la souplesse fonctionnelle de la technologie OhayIO\u2122 en font une excellente plateforme d\u2019exhibition et de d\u00e9monstration autonome et multi-usages :<br \/>\u00a0 \u00a0 \u00a0 \u00a0 \u00a0 \u2022 Salons de d\u00e9monstration et d\u2019exposition marketing<br \/>\u00a0 \u00a0 \u00a0 \u00a0 \u00a0 \u2022 Plateforme de comp\u00e9tition de d\u00e9veloppement, hackaton\u2026<br \/>\u00a0 \u00a0 \u00a0 \u00a0 \u00a0 \u2022 Espace de cr\u00e9ativit\u00e9 pluridisciplinaire et d\u2019innovation collective<br \/>\u00a0 \u00a0 \u00a0 \u00a0 \u00a0 \u2022 S\u00e9minaires et exhibitions annuelles<br \/>\u00a0 \u00a0 \u00a0 \u00a0 \u00a0 \u2022 Espace d\u2019animation et de loisir<\/p><p>En fonction de l\u2019angle d\u2019usage, la technologie OhayIO\u2122 peut \u00eatre configur\u00e9e pour mieux adresser votre besoin fonctionnel.<br \/>Ci-apr\u00e8s, \u00e0 titre d\u2019exemple, quelques cas d\u2019usages non-limitatifs de notre technologie OhayIO\u2122<\/p>\t\t\t\t\t\t<\/div>\n\t\t\t\t<\/div>\n\t\t\t\t\t<\/div>\n\t\t<\/div>\n\t\t\t\t\t\t\t<\/div>\n\t\t<\/section>\n\t\t\t\t<section class=\"elementor-section elementor-top-section elementor-element elementor-element-8904433 elementor-section-boxed elementor-section-height-default elementor-section-height-default\" data-id=\"8904433\" data-element_type=\"section\" data-settings=\"{&quot;background_background&quot;:&quot;classic&quot;}\">\n\t\t\t\t\t\t<div class=\"elementor-container elementor-column-gap-default\">\n\t\t\t\t\t<div class=\"elementor-column elementor-col-100 elementor-top-column elementor-element elementor-element-ef09d9a\" data-id=\"ef09d9a\" data-element_type=\"column\">\n\t\t\t<div class=\"elementor-widget-wrap elementor-element-populated\">\n\t\t\t\t\t\t\t\t<div class=\"elementor-element elementor-element-bb6f222 elementor-widget elementor-widget-heading\" data-id=\"bb6f222\" data-element_type=\"widget\" data-widget_type=\"heading.default\">\n\t\t\t\t<div class=\"elementor-widget-container\">\n\t\t\t<h3 class=\"elementor-heading-title elementor-size-default\">Cible Fonctionnelle<\/h3>\t\t<\/div>\n\t\t\t\t<\/div>\n\t\t\t\t<div class=\"elementor-element elementor-element-748fbb1 elementor-widget elementor-widget-text-editor\" data-id=\"748fbb1\" data-element_type=\"widget\" data-widget_type=\"text-editor.default\">\n\t\t\t\t<div class=\"elementor-widget-container\">\n\t\t\t\t\t\t\t\t<ul><li>Les soci\u00e9t\u00e9s et les ind\u00e9pendants sp\u00e9cialis\u00e9es dans les m\u00e9tiers \u00e9v\u00e9nementiels\u00a0: salon d\u2019expositions, exhibition et d\u00e9monstrations<\/li><li>Les journalistes et les corps de m\u00e9tiers d\u2019investigations, les d\u00e9tectives et enqu\u00eateurs professionnelle publiques et priv\u00e9s \u2026<\/li><li>Les activit\u00e9s de loisir, tourisme\u00a0: n\u00e9cessitant des infrastructures num\u00e9riques dans les r\u00e9gions \u00e9loign\u00e9es \u2026<\/li><li>Les professionnels des m\u00e9tiers cin\u00e9matographiques : les intermittents de spectacles, les artistes et les acteurs, r\u00e9alisateurs, les cadreurs, techniciens\u2026<\/li><\/ul>\t\t\t\t\t\t<\/div>\n\t\t\t\t<\/div>\n\t\t\t\t\t<\/div>\n\t\t<\/div>\n\t\t\t\t\t\t\t<\/div>\n\t\t<\/section>\n\t\t\t\t<section class=\"elementor-section elementor-top-section elementor-element elementor-element-23e875a elementor-section-boxed elementor-section-height-default elementor-section-height-default\" data-id=\"23e875a\" data-element_type=\"section\" data-settings=\"{&quot;background_background&quot;:&quot;classic&quot;}\">\n\t\t\t\t\t\t<div class=\"elementor-container elementor-column-gap-default\">\n\t\t\t\t\t<div class=\"elementor-column elementor-col-100 elementor-top-column elementor-element elementor-element-57b935d\" data-id=\"57b935d\" data-element_type=\"column\">\n\t\t\t<div class=\"elementor-widget-wrap elementor-element-populated\">\n\t\t\t\t\t\t\t\t<div class=\"elementor-element elementor-element-b9fcb99 elementor-widget elementor-widget-heading\" data-id=\"b9fcb99\" data-element_type=\"widget\" data-widget_type=\"heading.default\">\n\t\t\t\t<div class=\"elementor-widget-container\">\n\t\t\t<h3 class=\"elementor-heading-title elementor-size-default\">Condition D'utilisation<\/h3>\t\t<\/div>\n\t\t\t\t<\/div>\n\t\t\t\t<div class=\"elementor-element elementor-element-bd81dea elementor-widget elementor-widget-text-editor\" data-id=\"bd81dea\" data-element_type=\"widget\" data-widget_type=\"text-editor.default\">\n\t\t\t\t<div class=\"elementor-widget-container\">\n\t\t\t\t\t\t\t\t<p>La technologie OhayIO\u2122 est en effet un \u00ab\u00a0super-Ordinateur\u00a0\u00bb permettant d\u2019embarquer \u00e0 la fois les ordinateurs personnels et les applications et services habituellement install\u00e9es dans les centres d\u2019h\u00e9bergement sp\u00e9cialis\u00e9s : datacenter, cloud \u2026<\/p><p>Quel que soit votre contexte d\u2019usage, nous pouvons int\u00e9grer les applications et les logiciels n\u00e9cessaires pour r\u00e9pondre \u00e0 vos besoins\u00a0:<\/p><ul><li>En situation nomade\u00a0: nous vous proposons notre gamme de technologie nomade que vous pouvez le porter facilement dans votre sac \u00e0 dos \u2026<\/li><li>En situation stationnaire\u00a0: nous pouvons impl\u00e9menter notre logiciel dans des \u00e9quipements informatiques adapt\u00e9s et en cas de besoin directement dans votre datacenter existant \u2026<\/li><\/ul>\t\t\t\t\t\t<\/div>\n\t\t\t\t<\/div>\n\t\t\t\t\t<\/div>\n\t\t<\/div>\n\t\t\t\t\t\t\t<\/div>\n\t\t<\/section>\n\t\t\t\t<section class=\"elementor-section elementor-top-section elementor-element elementor-element-6f7ff62 elementor-section-boxed elementor-section-height-default elementor-section-height-default\" data-id=\"6f7ff62\" data-element_type=\"section\" data-settings=\"{&quot;background_background&quot;:&quot;classic&quot;}\">\n\t\t\t\t\t\t<div class=\"elementor-container elementor-column-gap-default\">\n\t\t\t\t\t<div class=\"elementor-column elementor-col-100 elementor-top-column elementor-element elementor-element-c87a62c\" data-id=\"c87a62c\" data-element_type=\"column\">\n\t\t\t<div class=\"elementor-widget-wrap elementor-element-populated\">\n\t\t\t\t\t\t\t\t<div class=\"elementor-element elementor-element-c8135a0 elementor-widget elementor-widget-text-editor\" data-id=\"c8135a0\" data-element_type=\"widget\" data-widget_type=\"text-editor.default\">\n\t\t\t\t<div class=\"elementor-widget-container\">\n\t\t\t\t\t\t\t\t<table><tbody><tr><td width=\"236\"><p><strong><u>Cas d\u2019usage : salon d\u2019exposition<\/u><\/strong><\/p><\/td><td width=\"414\"><p>\u00b7\u00a0\u00a0\u00a0\u00a0\u00a0\u00a0\u00a0 Vous pouvez gr\u00e2ce \u00e0 notre technologie nomade, pr\u00e9configur\u00e9 vous suites de d\u00e9monstrations afin de disposer d\u2019un maximum d\u2019ind\u00e9pendance pour r\u00e9aliser vos pr\u00e9sentations sans n\u00e9cessit\u00e9 de vous connecter \u00e0 votre intranet via les r\u00e9seaux locaux et internet \u2026<\/p><p>\u00b7\u00a0\u00a0\u00a0\u00a0\u00a0\u00a0\u00a0 Vous pouvez ainsi \u00e9viter les d\u00e9sagr\u00e9ments habituels (indisponibilit\u00e9s, contraintes techniques, s\u00e9curit\u00e9 \u2026) que vous rencontrez lorsque vous d\u00e9pendez des infrastructures du salon<\/p><p><strong>\u00a0<\/strong><\/p><\/td><\/tr><tr><td width=\"236\"><p><strong><u>Cas d\u2019usage : journalisme<\/u><\/strong><\/p><\/td><td width=\"414\"><p>\u00b7\u00a0\u00a0\u00a0\u00a0\u00a0\u00a0\u00a0 Vous pouvez connecter votre boitier OhayIO \u00e0 votre box d\u2019op\u00e9rateur d\u2019Internet (votre lieu de travail \u2026) puis vous vous connectez \u00e0 distance de fa\u00e7on s\u00e9curis\u00e9e \u2026<\/p><p>\u00b7\u00a0\u00a0\u00a0\u00a0\u00a0\u00a0\u00a0 Ainsi vous \u00e9vitez de vous d\u00e9placer dans des lieux hostiles avec vos informations sensibles li\u00e9es \u00e0 vos investigations\u00a0: ordinateurs, disques de sauvegardes \u2026<\/p><p>\u00b7\u00a0\u00a0\u00a0\u00a0\u00a0\u00a0\u00a0 Autre cas d\u2019usage, vous pouvez apporter votre boitier OhayIO sur les lieux de vos investigations afin de disposer de votre bureau mobile contenant l\u2019ensemble de vous applications et logiciels m\u00e9tiers n\u00e9cessaires. En cas de n\u00e9cessit\u00e9, vous pouvez disposer d\u2019un seconde boitier place dans un lieu prot\u00e9g\u00e9 afin de transf\u00e9rer et ou synchroniser vos deux boitiers \u2026<\/p><p>\u00a0<\/p><\/td><\/tr><\/tbody><\/table>\t\t\t\t\t\t<\/div>\n\t\t\t\t<\/div>\n\t\t\t\t\t<\/div>\n\t\t<\/div>\n\t\t\t\t\t\t\t<\/div>\n\t\t<\/section>\n\t\t\t\t\t\t<\/div>\n\t\t\t\t\t<\/div>\n\t\t","protected":false},"excerpt":{"rendered":"<p>Plateforme autonome d&rsquo;exposition L\u2019agilit\u00e9 op\u00e9rationnelle et la souplesse fonctionnelle de la technologie OhayIO\u2122 en font une excellente plateforme d\u2019exhibition et de d\u00e9monstration autonome et multi-usages :\u00a0 \u00a0 \u00a0 \u00a0 \u00a0 \u2022 Salons de d\u00e9monstration et d\u2019exposition marketing\u00a0 \u00a0 \u00a0 \u00a0 \u00a0 \u2022 Plateforme de comp\u00e9tition de d\u00e9veloppement, hackaton\u2026\u00a0 \u00a0 \u00a0 \u00a0 \u00a0 \u2022 Espace de [&hellip;]<\/p>\n","protected":false},"author":1,"featured_media":0,"parent":0,"menu_order":0,"comment_status":"closed","ping_status":"closed","template":"","meta":[],"_links":{"self":[{"href":"https:\/\/ohay.io\/index.php\/wp-json\/wp\/v2\/pages\/417"}],"collection":[{"href":"https:\/\/ohay.io\/index.php\/wp-json\/wp\/v2\/pages"}],"about":[{"href":"https:\/\/ohay.io\/index.php\/wp-json\/wp\/v2\/types\/page"}],"author":[{"embeddable":true,"href":"https:\/\/ohay.io\/index.php\/wp-json\/wp\/v2\/users\/1"}],"replies":[{"embeddable":true,"href":"https:\/\/ohay.io\/index.php\/wp-json\/wp\/v2\/comments?post=417"}],"version-history":[{"count":0,"href":"https:\/\/ohay.io\/index.php\/wp-json\/wp\/v2\/pages\/417\/revisions"}],"wp:attachment":[{"href":"https:\/\/ohay.io\/index.php\/wp-json\/wp\/v2\/media?parent=417"}],"curies":[{"name":"wp","href":"https:\/\/api.w.org\/{rel}","templated":true}]}}